{"id":10,"date":"2020-09-15T06:48:15","date_gmt":"2020-09-15T06:48:15","guid":{"rendered":"http:\/\/pilatesdays.com\/?page_id=10"},"modified":"2022-08-23T18:40:41","modified_gmt":"2022-08-23T18:40:41","slug":"home","status":"publish","type":"page","link":"https:\/\/pilatesdays.com\/","title":{"rendered":"Home"},"content":{"rendered":"\n<div class=\"wp-block-cover alignfull is-light\" style=\"min-height:750px\"><span aria-hidden=\"true\" class=\"wp-block-cover__background has-background-dim\" style=\"background-color:#000000\"><\/span><img loading=\"lazy\" width=\"1536\" height=\"1200\" class=\"wp-block-cover__image-background wp-image-138\" alt=\"Pilates Teaser\" src=\"http:\/\/pilatesdays.com\/wp-content\/uploads\/2022\/08\/Pilates-Teaser.webp\" data-object-fit=\"cover\" srcset=\"https:\/\/pilatesdays.com\/wp-content\/uploads\/2022\/08\/Pilates-Teaser.webp 1536w, https:\/\/pilatesdays.com\/wp-content\/uploads\/2022\/08\/Pilates-Teaser-300x234.webp 300w, https:\/\/pilatesdays.com\/wp-content\/uploads\/2022\/08\/Pilates-Teaser-1024x800.webp 1024w, https:\/\/pilatesdays.com\/wp-content\/uploads\/2022\/08\/Pilates-Teaser-768x600.webp 768w\" sizes=\"(max-width: 1536px) 100vw, 1536px\" \/><div class=\"wp-block-cover__inner-container\">\n<h3 class=\"has-text-align-center has-text-color\" style=\"color:#ffffff\">Erfahre Die Welt Von Pilates<\/h3>\n\n\n\n<hr class=\"wp-block-separator has-text-color has-css-opacity has-background aligncenter\" style=\"background-color:#ffffff;color:#ffffff\"\/>\n\n\n\n<h1 class=\"has-text-align-center has-text-color\" style=\"color:#ffffff\">ES IST DER GEIST, <br>DER DEN K\u00d6RPER FORMT<\/h1>\n\n\n\n<div class=\"wp-container-1 is-horizontal is-content-justification-center wp-block-buttons\">\n<div class=\"wp-block-button\"><a class=\"wp-block-button__link\">Mehr ERFAHREN ..<\/a><\/div>\n<\/div>\n<\/div><\/div>\n\n\n\n<div class=\"inherit-container-width wp-container-2 wp-block-group alignfull has-ast-global-color-4-background-color has-background\"><div class=\"wp-block-group__inner-container\">\n<p class=\"has-text-align-center\">&#8220;Ver\u00e4nderung geschieht durch Bewegungen und Bewegung heilt.&#8221;<\/p>\n\n\n\n<p class=\"has-text-align-center has-ast-global-color-4-background-color has-background\">&#8211; Joseph Pilates<\/p>\n<\/div><\/div>\n\n\n\n<div class=\"inherit-container-width wp-container-10 wp-block-group alignfull has-ast-global-color-5-background-color has-background\"><div class=\"wp-block-group__inner-container\">\n<h2 class=\"has-text-align-center\">unsere n\u00e4chsten kurse<\/h2>\n\n\n\n<div class=\"wp-container-9 wp-block-columns alignwide\">\n<div class=\"wp-container-5 wp-block-column\">\n<div class=\"inherit-container-width wp-container-4 wp-block-group\"><div class=\"wp-block-group__inner-container\">\n<figure class=\"wp-block-image aligncenter size-full\"><img loading=\"lazy\" width=\"528\" height=\"460\" src=\"http:\/\/pilatesdays.com\/wp-content\/uploads\/2022\/08\/online-pilates-e1661200526437.jpg\" alt=\"Young Woman Watching Online Workout\" class=\"wp-image-141\" srcset=\"https:\/\/pilatesdays.com\/wp-content\/uploads\/2022\/08\/online-pilates-e1661200526437.jpg 528w, https:\/\/pilatesdays.com\/wp-content\/uploads\/2022\/08\/online-pilates-e1661200526437-300x261.jpg 300w\" sizes=\"(max-width: 528px) 100vw, 528px\" \/><\/figure>\n\n\n\n<h5 class=\"has-text-align-center\">Online Training<\/h5>\n\n\n\n<p class=\"has-text-align-center\">Fuerat aestu carentem habentia spectent tonitrua mutastis locavit liberioris inistra possedit.<\/p>\n\n\n\n<div class=\"wp-container-3 is-horizontal is-content-justification-center wp-block-buttons\">\n<div class=\"wp-block-button\"><a class=\"wp-block-button__link\">MEHR ERFAHREN ..<\/a><\/div>\n<\/div>\n<\/div><\/div>\n<\/div>\n\n\n\n<div class=\"wp-container-8 wp-block-column\">\n<div class=\"inherit-container-width wp-container-7 wp-block-group\"><div class=\"wp-block-group__inner-container\">\n<figure class=\"wp-block-image aligncenter size-full\"><img loading=\"lazy\" width=\"528\" height=\"460\" src=\"http:\/\/pilatesdays.com\/wp-content\/uploads\/2022\/08\/group-pilates-e1661201057104.jpg\" alt=\"\" class=\"wp-image-142\" srcset=\"https:\/\/pilatesdays.com\/wp-content\/uploads\/2022\/08\/group-pilates-e1661201057104.jpg 528w, https:\/\/pilatesdays.com\/wp-content\/uploads\/2022\/08\/group-pilates-e1661201057104-300x261.jpg 300w\" sizes=\"(max-width: 528px) 100vw, 528px\" \/><\/figure>\n\n\n\n<h5 class=\"has-text-align-center\">Studio Training<\/h5>\n\n\n\n<p class=\"has-text-align-center\">Fuerat aestu carentem habentia spectent tonitrua mutastis locavit liberioris inistra possedit.<\/p>\n\n\n\n<div class=\"wp-container-6 is-horizontal is-content-justification-center wp-block-buttons\">\n<div class=\"wp-block-button\"><a class=\"wp-block-button__link\">Mehr erfahren ..<\/a><\/div>\n<\/div>\n<\/div><\/div>\n<\/div>\n<\/div>\n<\/div><\/div>\n\n\n\n<div class=\"wp-block-cover alignfull is-light has-parallax\" style=\"background-image:url(http:\/\/pilatesdays.com\/wp-content\/uploads\/2022\/08\/pilates-was-ist-das.jpg.webp);min-height:600px\"><span aria-hidden=\"true\" class=\"wp-block-cover__background has-background-dim\" style=\"background-color:#000000\"><\/span><div class=\"wp-block-cover__inner-container\">\n<div class=\"wp-container-14 wp-block-columns alignwide are-vertically-aligned-center\">\n<div class=\"wp-container-11 wp-block-column is-vertically-aligned-center\"><\/div>\n\n\n\n<div class=\"wp-container-13 wp-block-column is-vertically-aligned-center\">\n<h2 class=\"has-text-color\" style=\"color:#ffffff\">Explore PILATES<\/h2>\n\n\n\n<hr class=\"wp-block-separator has-text-color has-css-opacity has-background is-style-wide\" style=\"background-color:#ffffff;color:#ffffff\"\/>\n\n\n\n<p class=\"has-text-color\" style=\"color:#ffffff\">K\u00f6rperliche Fitness ist die erste Voraussetzung f\u00fcr Gl\u00fcck. Unsere Interpretation von k\u00f6rperlicher Fitness ist das Erreichen und Erhalten eines einheitlich entwickelten K\u00f6rpers mit einem gesunden Geist, der in der Lage ist, unsere vielf\u00e4ltigen t\u00e4glichen Aufgaben mit spontanem Elan und Freude nat\u00fcrlich, leicht und zufriedenstellend zu erf\u00fcllen.<\/p>\n\n\n\n<div class=\"wp-container-12 wp-block-buttons\">\n<div class=\"wp-block-button\"><a class=\"wp-block-button__link\">Mehr Erfahren ..<\/a><\/div>\n<\/div>\n<\/div>\n<\/div>\n<\/div><\/div>\n\n\n\n<div class=\"inherit-container-width wp-container-21 wp-block-group alignfull has-white-background-color has-background\"><div class=\"wp-block-group__inner-container\">\n<div class=\"wp-container-20 wp-block-columns alignwide are-vertically-aligned-center\">\n<div class=\"wp-container-16 wp-block-column is-vertically-aligned-center\" style=\"flex-basis:33.33%\">\n<h2>UNSERE N\u00c4CHSTEN Seminars &amp; rEISEN<\/h2>\n\n\n\n<p>Fuerat aestu carentem habentia spectent tonitrua mutastis locavit liberioris. Sinistra possedit litora ut nabataeaque. Setucant coepyterunt perveniunt animal! Concordi aurea nabataeaque seductaque constaque cepit sublime flexi nullus.<\/p>\n\n\n\n<div class=\"wp-container-15 wp-block-buttons\">\n<div class=\"wp-block-button\"><a class=\"wp-block-button__link\">Mehr Erfahren ..<\/a><\/div>\n<\/div>\n<\/div>\n\n\n\n<div class=\"wp-container-19 wp-block-column is-vertically-aligned-center\" style=\"flex-basis:66.66%\">\n<figure class=\"wp-container-18 wp-block-gallery-17 wp-block-gallery has-nested-images columns-2\">\n<figure class=\"wp-block-image size-full\"><img loading=\"lazy\" width=\"1024\" height=\"768\" src=\"http:\/\/pilatesdays.com\/wp-content\/uploads\/2022\/08\/Steigenberger-Krems-Sauna.jpg\" alt=\"\" class=\"wp-image-150\" srcset=\"https:\/\/pilatesdays.com\/wp-content\/uploads\/2022\/08\/Steigenberger-Krems-Sauna.jpg 1024w, https:\/\/pilatesdays.com\/wp-content\/uploads\/2022\/08\/Steigenberger-Krems-Sauna-300x225.jpg 300w, https:\/\/pilatesdays.com\/wp-content\/uploads\/2022\/08\/Steigenberger-Krems-Sauna-768x576.jpg 768w\" sizes=\"(max-width: 1024px) 100vw, 1024px\" \/><\/figure>\n\n\n\n<figure class=\"wp-block-image size-full\"><img loading=\"lazy\" width=\"1024\" height=\"768\" src=\"http:\/\/pilatesdays.com\/wp-content\/uploads\/2022\/08\/Steigenberger-Krems-Relax-Area-Outdoor.jpg\" alt=\"\" class=\"wp-image-149\" srcset=\"https:\/\/pilatesdays.com\/wp-content\/uploads\/2022\/08\/Steigenberger-Krems-Relax-Area-Outdoor.jpg 1024w, https:\/\/pilatesdays.com\/wp-content\/uploads\/2022\/08\/Steigenberger-Krems-Relax-Area-Outdoor-300x225.jpg 300w, https:\/\/pilatesdays.com\/wp-content\/uploads\/2022\/08\/Steigenberger-Krems-Relax-Area-Outdoor-768x576.jpg 768w\" sizes=\"(max-width: 1024px) 100vw, 1024px\" \/><\/figure>\n\n\n\n<figure class=\"wp-block-image size-full\"><img loading=\"lazy\" width=\"1024\" height=\"768\" src=\"http:\/\/pilatesdays.com\/wp-content\/uploads\/2022\/08\/Steigenberger-Krems-Outdoor-Pool.jpg\" alt=\"\" class=\"wp-image-147\" srcset=\"https:\/\/pilatesdays.com\/wp-content\/uploads\/2022\/08\/Steigenberger-Krems-Outdoor-Pool.jpg 1024w, https:\/\/pilatesdays.com\/wp-content\/uploads\/2022\/08\/Steigenberger-Krems-Outdoor-Pool-300x225.jpg 300w, https:\/\/pilatesdays.com\/wp-content\/uploads\/2022\/08\/Steigenberger-Krems-Outdoor-Pool-768x576.jpg 768w\" sizes=\"(max-width: 1024px) 100vw, 1024px\" \/><\/figure>\n\n\n\n<figure class=\"wp-block-image size-full\"><img loading=\"lazy\" width=\"670\" height=\"503\" src=\"http:\/\/pilatesdays.com\/wp-content\/uploads\/2022\/08\/Steigenberger-Krems-Outdoor-Sitting.webp\" alt=\"\" class=\"wp-image-148\" srcset=\"https:\/\/pilatesdays.com\/wp-content\/uploads\/2022\/08\/Steigenberger-Krems-Outdoor-Sitting.webp 670w, https:\/\/pilatesdays.com\/wp-content\/uploads\/2022\/08\/Steigenberger-Krems-Outdoor-Sitting-300x225.webp 300w\" sizes=\"(max-width: 670px) 100vw, 670px\" \/><\/figure>\n<\/figure>\n<\/div>\n<\/div>\n<\/div><\/div>\n","protected":false},"excerpt":{"rendered":"<p>&#8220;Ver\u00e4nderung geschieht durch Bewegungen und Bewegung heilt.&#8221; &#8211; Joseph Pilates unsere n\u00e4chsten kurse Online Training Fuerat aestu carentem habentia spectent tonitrua mutastis locavit liberioris inistra possedit. Studio Training Fuerat aestu carentem habentia spectent tonitrua mutastis locavit liberioris inistra possedit. UNSERE N\u00c4CHSTEN Seminars &amp; rEISEN Fuerat aestu carentem habentia spectent tonitrua mutastis locavit liberioris. Sinistra possedit &hellip;<\/p>\n<p class=\"read-more\"> <a class=\"\" href=\"https:\/\/pilatesdays.com\/\"> <span class=\"screen-reader-text\">Home<\/span> Read More &raquo;<\/a><\/p>\n","protected":false},"author":1,"featured_media":0,"parent":0,"menu_order":0,"comment_status":"closed","ping_status":"closed","template":"","meta":{"om_disable_all_campaigns":false,"_monsterinsights_skip_tracking":false,"_monsterinsights_sitenote_active":false,"_monsterinsights_sitenote_note":"","_monsterinsights_sitenote_category":0,"site-sidebar-layout":"no-sidebar","site-content-layout":"plain-container","ast-global-header-display":"","ast-main-header-display":"","ast-hfb-above-header-display":"","ast-hfb-below-header-display":"","ast-hfb-mobile-header-display":"","site-post-title":"disabled","ast-breadcrumbs-content":"","ast-featured-img":"","footer-sml-layout":"","theme-transparent-header-meta":"enabled","adv-header-id-meta":"","stick-header-meta":"","header-above-stick-meta":"","header-main-stick-meta":"","header-below-stick-meta":""},"aioseo_notices":[],"_links":{"self":[{"href":"https:\/\/pilatesdays.com\/index.php?rest_route=\/wp\/v2\/pages\/10"}],"collection":[{"href":"https:\/\/pilatesdays.com\/index.php?rest_route=\/wp\/v2\/pages"}],"about":[{"href":"https:\/\/pilatesdays.com\/index.php?rest_route=\/wp\/v2\/types\/page"}],"author":[{"embeddable":true,"href":"https:\/\/pilatesdays.com\/index.php?rest_route=\/wp\/v2\/users\/1"}],"replies":[{"embeddable":true,"href":"https:\/\/pilatesdays.com\/index.php?rest_route=%2Fwp%2Fv2%2Fcomments&post=10"}],"version-history":[{"count":9,"href":"https:\/\/pilatesdays.com\/index.php?rest_route=\/wp\/v2\/pages\/10\/revisions"}],"predecessor-version":[{"id":220,"href":"https:\/\/pilatesdays.com\/index.php?rest_route=\/wp\/v2\/pages\/10\/revisions\/220"}],"wp:attachment":[{"href":"https:\/\/pilatesdays.com\/index.php?rest_route=%2Fwp%2Fv2%2Fmedia&parent=10"}],"curies":[{"name":"wp","href":"https:\/\/api.w.org\/{rel}","templated":true}]}}